{"id":1576,"date":"2021-04-05T21:05:09","date_gmt":"2021-04-05T21:05:09","guid":{"rendered":"https:\/\/mundomarron.cl\/?post_type=product&#038;p=1576"},"modified":"2022-04-06T03:32:17","modified_gmt":"2022-04-06T03:32:17","slug":"atrapasol-9","status":"publish","type":"product","link":"https:\/\/mundomarron.cl\/inicio\/producto\/atrapasol-9\/","title":{"rendered":"Atrapasol"},"content":{"rendered":"<p>Los Atrapa Sol son armonizadores de espacios<br \/>\nhechos a mano.<br \/>\nNo son \u00fanicamente decorativos, aunque tienen<br \/>\nun efecto visual est\u00e9tico y revitalizante.<br \/>\nSintonizan con la Energ\u00eda Universal Reiki<br \/>\npara amplificarla y as\u00ed obtener<br \/>\nsu \u00f3ptima funcionalidad y bendici\u00f3n.<\/p>\n<p>BENEFICIOS<\/p>\n<p>Armonizan espacios \u2022 Atraen luz y la multiplican<br \/>\nDisminuyen y alejan densidad<br \/>\nAyudan a depurar<br \/>\nNivelan y equilibran energ\u00eda<br \/>\nContemplarlos tranquiliza y estabiliza la mente<br \/>\nTener un Atrapa Sol cerca<br \/>\nmejora el humor y estado de \u00e1nimo<\/p>\n","protected":false},"excerpt":{"rendered":"<p>Los Atrapa Sol son armonizadores de espacios hechos a mano. No son \u00fanicamente decorativos, aunque tienen un efecto visual est\u00e9tico y revitalizante. Sintonizan con la Energ\u00eda Universal Reiki para amplificarla y as\u00ed obtener su \u00f3ptima funcionalidad y bendici\u00f3n. BENEFICIOS Armonizan espacios \u2022 Atraen luz y la multiplican Disminuyen y alejan densidad Ayudan a depurar Nivelan [&#8230;]\n","protected":false},"featured_media":2674,"comment_status":"open","ping_status":"closed","template":"","meta":[],"product_brand":[],"product_cat":[40,37],"product_tag":[],"class_list":{"0":"post-1576","1":"product","2":"type-product","3":"status-publish","4":"has-post-thumbnail","6":"product_cat-atrapasoles","7":"product_cat-decoracion","9":"first","10":"instock","11":"taxable","12":"shipping-taxable","13":"purchasable","14":"product-type-simple"},"aioseo_notices":[],"_links":{"self":[{"href":"https:\/\/mundomarron.cl\/inicio\/wp-json\/wp\/v2\/product\/1576","targetHints":{"allow":["GET"]}}],"collection":[{"href":"https:\/\/mundomarron.cl\/inicio\/wp-json\/wp\/v2\/product"}],"about":[{"href":"https:\/\/mundomarron.cl\/inicio\/wp-json\/wp\/v2\/types\/product"}],"replies":[{"embeddable":true,"href":"https:\/\/mundomarron.cl\/inicio\/wp-json\/wp\/v2\/comments?post=1576"}],"wp:featuredmedia":[{"embeddable":true,"href":"https:\/\/mundomarron.cl\/inicio\/wp-json\/wp\/v2\/media\/2674"}],"wp:attachment":[{"href":"https:\/\/mundomarron.cl\/inicio\/wp-json\/wp\/v2\/media?parent=1576"}],"wp:term":[{"taxonomy":"product_brand","embeddable":true,"href":"https:\/\/mundomarron.cl\/inicio\/wp-json\/wp\/v2\/product_brand?post=1576"},{"taxonomy":"product_cat","embeddable":true,"href":"https:\/\/mundomarron.cl\/inicio\/wp-json\/wp\/v2\/product_cat?post=1576"},{"taxonomy":"product_tag","embeddable":true,"href":"https:\/\/mundomarron.cl\/inicio\/wp-json\/wp\/v2\/product_tag?post=1576"}],"curies":[{"name":"wp","href":"https:\/\/api.w.org\/{rel}","templated":true}]}}