{"id":358,"date":"2021-02-15T15:24:22","date_gmt":"2021-02-15T15:24:22","guid":{"rendered":"https:\/\/mundomarron.cl\/?post_type=product&#038;p=358"},"modified":"2026-03-28T23:50:09","modified_gmt":"2026-03-28T23:50:09","slug":"cajita-magica-ritualera-mini","status":"publish","type":"product","link":"https:\/\/mundomarron.cl\/producto\/cajita-magica-ritualera-mini\/","title":{"rendered":"Cajita Magica Ritualera"},"content":{"rendered":"<p>&nbsp;<\/p>\n<h1 class=\"alt-font\" style=\"text-align: center;\"><span style=\"font-size: 150%;\">Sahumar<\/span><\/h1>\n<p>&nbsp;<\/p>\n<p>El arte de sahumar es un antiguo ritual que por medio de la quema de hierbas medicinales purifica el cuerpo y espacios que necesitan una limpieza.<\/p>\n<p>La limpieza de energ\u00edas por medio de hierbas y minerales ha existido desde tiempos muy antiguos; los abuelos y abuelas descubrieron por medio de sue\u00f1os que la mejor forma para conectar y abrir el canal con los dioses es el sahumado.<\/p>\n<p>La conexi\u00f3n con esta herramienta nos permite danzar a trav\u00e9s de la energ\u00eda liber\u00e1ndola, elev\u00e1ndola y ayudando a transformar pensamientos o sensaciones que ocurren en estos espacios de rezo.<\/p>\n<p>El fuego es portador de gran vitalidad y poder de transmutaci\u00f3n a trav\u00e9s del humo liberamos energ\u00edas negativas<\/p>\n<p>Un ritual simple para limpiar, armonizar y renovar la energ\u00eda de tus espacios.<\/p>\n<p>Esta cajita contiene todo lo necesario para acompa\u00f1ar tus momentos de conexi\u00f3n:<\/p>\n<p>El humo transforma\u2026 limpia lo que no se ve y abre espacio para lo nuevo \u2728<\/p>\n","protected":false},"excerpt":{"rendered":"<h1 class=\"alt-font\"><strong>Esta Cajita M\u00e1gica Marron, contiene:<\/strong><\/h1>\n<p>&#8211; Sahumador<\/p>\n<p>&#8211; Hierbas para sahumar<\/p>\n<p>&#8211; Paquete de 5 carbones de autoencendido<\/p>\n<p>&#8211; 1 Palo Santo<\/p>\n","protected":false},"featured_media":6590,"comment_status":"open","ping_status":"closed","template":"","meta":[],"product_brand":[],"product_cat":[27,26],"product_tag":[194],"class_list":{"0":"post-358","1":"product","2":"type-product","3":"status-publish","4":"has-post-thumbnail","6":"product_cat-cajitasritualeras","7":"product_cat-rituales","8":"product_tag-rituales","10":"first","11":"instock","12":"taxable","13":"shipping-taxable","14":"purchasable","15":"product-type-simple"},"_links":{"self":[{"href":"https:\/\/mundomarron.cl\/wp-json\/wp\/v2\/product\/358","targetHints":{"allow":["GET"]}}],"collection":[{"href":"https:\/\/mundomarron.cl\/wp-json\/wp\/v2\/product"}],"about":[{"href":"https:\/\/mundomarron.cl\/wp-json\/wp\/v2\/types\/product"}],"replies":[{"embeddable":true,"href":"https:\/\/mundomarron.cl\/wp-json\/wp\/v2\/comments?post=358"}],"wp:featuredmedia":[{"embeddable":true,"href":"https:\/\/mundomarron.cl\/wp-json\/wp\/v2\/media\/6590"}],"wp:attachment":[{"href":"https:\/\/mundomarron.cl\/wp-json\/wp\/v2\/media?parent=358"}],"wp:term":[{"taxonomy":"product_brand","embeddable":true,"href":"https:\/\/mundomarron.cl\/wp-json\/wp\/v2\/product_brand?post=358"},{"taxonomy":"product_cat","embeddable":true,"href":"https:\/\/mundomarron.cl\/wp-json\/wp\/v2\/product_cat?post=358"},{"taxonomy":"product_tag","embeddable":true,"href":"https:\/\/mundomarron.cl\/wp-json\/wp\/v2\/product_tag?post=358"}],"curies":[{"name":"wp","href":"https:\/\/api.w.org\/{rel}","templated":true}]}}