{"id":3834,"date":"2023-09-03T20:32:08","date_gmt":"2023-09-03T20:32:08","guid":{"rendered":"https:\/\/mundomarron.cl\/?post_type=product&#038;p=3834"},"modified":"2026-01-05T23:47:35","modified_gmt":"2026-01-05T23:47:35","slug":"gemomasaje","status":"publish","type":"product","link":"https:\/\/mundomarron.cl\/producto\/gemomasaje\/","title":{"rendered":"Gemomasaje Kinergia"},"content":{"rendered":"<h1 class=\"heading8\">GEMOMASAJE KINERGIA<\/h1>\n<p>El cuarzo est\u00e1 reconocido por su habilidad para producir impulsos el\u00e9ctricos, su campo energ\u00e9tico tiene la habilidad de asociarse con la frecuencia precisa conocida como piezoelectricidad, lo cual significa que genera electricidad por presi\u00f3n aplicada. Este tipo de electricidad es la misma en el cuerpo humano.<\/p>\n<p>Agua y Cuarzo, vibran en similar frecuencia que el cuerpo humano (que es 70% agua, silicio y oxigeno) y es similar al Cristal de Cuarzo en su estructura.<\/p>\n<p>Con el masaje con cuarzos, al colocarlos en zonas de bloqueo o pas\u00e1ndolos sobre la piel en articulaciones o zonas doloridas logramos:<\/p>\n<p>\u2022 Descontractura tensiones musculares, y articulaciones desbloqueando l\u00edneas energ\u00e9ticas (Meridianos de Acupuntura)<br \/>\n\u2022 Mejora la irrigaci\u00f3n y circulaci\u00f3n sangu\u00ednea optimizando el funcionamiento de los \u00f3rganos.<br \/>\n\u2022 Equilibra<br \/>\n\u2022 Relaja<br \/>\n\u2022 Energiza<br \/>\n\u2022 Tonifica<br \/>\n\u2022 Armoniza<\/p>\n<p>Es un masaje muy profundo, pero al mismo tiempo sirve para iniciar un proceso terap\u00e9utico, y sobre todo si no sabes por donde empezar ese camino. Sirve mucho como primera aproximaci\u00f3n al autoconocimiento, ya que revela y disipa emociones que pueden estar por mucho tiempo grabadas en nuestro cuerpo.<\/p>\n","protected":false},"excerpt":{"rendered":"<p>GEMOMASAJE KINERGIA El cuarzo est\u00e1 reconocido por su habilidad para producir impulsos el\u00e9ctricos, su campo energ\u00e9tico tiene la habilidad de asociarse con la frecuencia precisa conocida como piezoelectricidad, lo cual significa que genera electricidad por presi\u00f3n aplicada. Este tipo de electricidad es la misma en el cuerpo humano. Agua y Cuarzo, vibran en similar frecuencia [&#8230;]\n","protected":false},"featured_media":3852,"comment_status":"open","ping_status":"closed","template":"","meta":[],"product_brand":[],"product_cat":[164,161],"product_tag":[],"class_list":{"0":"post-3834","1":"product","2":"type-product","3":"status-publish","4":"has-post-thumbnail","6":"product_cat-gemomasaje","7":"product_cat-terapias","9":"first","10":"instock","11":"taxable","12":"shipping-taxable","13":"purchasable","14":"product-type-simple"},"_links":{"self":[{"href":"https:\/\/mundomarron.cl\/wp-json\/wp\/v2\/product\/3834","targetHints":{"allow":["GET"]}}],"collection":[{"href":"https:\/\/mundomarron.cl\/wp-json\/wp\/v2\/product"}],"about":[{"href":"https:\/\/mundomarron.cl\/wp-json\/wp\/v2\/types\/product"}],"replies":[{"embeddable":true,"href":"https:\/\/mundomarron.cl\/wp-json\/wp\/v2\/comments?post=3834"}],"wp:featuredmedia":[{"embeddable":true,"href":"https:\/\/mundomarron.cl\/wp-json\/wp\/v2\/media\/3852"}],"wp:attachment":[{"href":"https:\/\/mundomarron.cl\/wp-json\/wp\/v2\/media?parent=3834"}],"wp:term":[{"taxonomy":"product_brand","embeddable":true,"href":"https:\/\/mundomarron.cl\/wp-json\/wp\/v2\/product_brand?post=3834"},{"taxonomy":"product_cat","embeddable":true,"href":"https:\/\/mundomarron.cl\/wp-json\/wp\/v2\/product_cat?post=3834"},{"taxonomy":"product_tag","embeddable":true,"href":"https:\/\/mundomarron.cl\/wp-json\/wp\/v2\/product_tag?post=3834"}],"curies":[{"name":"wp","href":"https:\/\/api.w.org\/{rel}","templated":true}]}}