{"id":3837,"date":"2023-09-03T20:36:21","date_gmt":"2023-09-03T20:36:21","guid":{"rendered":"https:\/\/mundomarron.cl\/?post_type=product&#038;p=3837"},"modified":"2026-01-06T00:13:33","modified_gmt":"2026-01-06T00:13:33","slug":"sonoterapia-grupal","status":"publish","type":"product","link":"https:\/\/mundomarron.cl\/inicio\/producto\/sonoterapia-grupal\/","title":{"rendered":"Sonoterapia Grupal"},"content":{"rendered":"<div>\n<p>Este taller presencial est\u00e1 enfocado en el aspecto f\u00edsico, emocional, mental y espiritual de los asistentes, facilitando espacios de bienestar, autoconocimiento y relajaci\u00f3n a trav\u00e9s de los sonidos y vibraciones de los instrumentos sonoros terapeuticos, como son los cuencos tibetanos, los cuencos de cuarzo, tambores, camapanas y la voz.<\/p>\n<p class=\"cvGsUA direction-ltr align-justify para-style-body\"><span class=\"a_GcMg font-feature-liga-off font-feature-clig-off font-feature-calt-off text-decoration-none text-strikethrough-none\">La Terapia de Sonidos o Sonoterapia trabaja con instrumentos musicales y una meditaci\u00f3n guiada, con objetivo de armonizar, equilibrar e impulsar bienestar de las personas, utilizando de forma educada y consciente la energ\u00eda del sonido y ejercicios sonoterap\u00e9uticos.<\/span><\/p>\n<p class=\"cvGsUA direction-ltr align-justify para-style-body\"><span class=\"a_GcMg font-feature-liga-off font-feature-clig-off font-feature-calt-off text-decoration-none text-strikethrough-none\">Los beneficios son m\u00faltiples, siendo los m\u00e1s importantes:<\/span><\/p>\n<p class=\"cvGsUA direction-ltr align-justify para-style-body\"><span class=\"a_GcMg font-feature-liga-off font-feature-clig-off font-feature-calt-off text-decoration-none text-strikethrough-none\">\u2022 Beneficios F\u00edsicos: Estimulaci\u00f3n de la escucha activa, instancias de descanso mental y f\u00edsico, habilidades de coordinaci\u00f3n, equilibrio y promoci\u00f3n de la salud f\u00edsica integral.<\/span><\/p>\n<p class=\"cvGsUA direction-ltr align-justify para-style-body\"><span class=\"a_GcMg font-feature-liga-off font-feature-clig-off font-feature-calt-off text-decoration-none text-strikethrough-none\">\u2022 Beneficios Cognitivos: Favorece la concentraci\u00f3n, las capacidades l\u00f3gicas y creativas, y el desarrollo del aprendizaje.<\/span><\/p>\n<p class=\"cvGsUA direction-ltr align-justify para-style-body\"><span class=\"a_GcMg font-feature-liga-off font-feature-clig-off font-feature-calt-off text-decoration-none text-strikethrough-none\">\u2022 Beneficios Emocionales: Expresi\u00f3n y comunicaci\u00f3n de las emociones, trabaja la autorregulaci\u00f3n, el desarrollo social, colaboraci\u00f3n e interacci\u00f3n, la resoluci\u00f3n de conflictos, como tambi\u00e9n disfrutar del momento presente en cada experiencia.<\/span><\/p>\n<\/div>\n<p class=\"cvGsUA direction-ltr align-justify para-style-body\"><span class=\"a_GcMg font-feature-liga-off font-feature-clig-off font-feature-calt-off text-decoration-none text-strikethrough-none\">Las sesiones se pueden realizar de varias <\/span><span class=\"a_GcMg font-feature-liga-off font-feature-clig-off font-feature-calt-off text-decoration-none text-strikethrough-none\">formas, de las cuales las m\u00e1s utilizadas <\/span><span class=\"a_GcMg font-feature-liga-off font-feature-clig-off font-feature-calt-off text-decoration-none text-strikethrough-none\">y\/o requeridas seg\u00fan lo que se necesite, <\/span><span class=\"a_GcMg font-feature-liga-off font-feature-clig-off font-feature-calt-off text-decoration-none text-strikethrough-none\">son las siguientes:<\/span><\/p>\n<p class=\"cvGsUA direction-ltr align-justify para-style-body\"><span class=\"a_GcMg font-feature-liga-off font-feature-clig-off font-feature-calt-off text-decoration-none text-strikethrough-none\">1- En esta modalidad, los terapeutas emiten los sonidos y vibraciones en conjunto con una meditaci\u00f3n guiada que permitir\u00e1n a los asistentes, que estar\u00e1n recostados en colchonetas o mat de yoga, recibir las vibraciones en estado de profunda meditaci\u00f3n, de forma pasiva.<\/span><\/p>\n<p class=\"cvGsUA direction-ltr align-justify para-style-body\"><span class=\"a_GcMg font-feature-liga-off font-feature-clig-off font-feature-calt-off text-decoration-none text-strikethrough-none\">2- En esta segunda modalidad, los asistentes participan de forma activa en la creaci\u00f3n de sonidos, tanto con la voz como con instrumentos musicales, con los cuales pueden acceder a instancias terap\u00e9uticas participando y no solo recibiendo.<\/span><\/p>\n<p class=\"cvGsUA direction-ltr align-justify para-style-body\"><span class=\"a_GcMg font-feature-liga-off font-feature-clig-off font-feature-calt-off text-decoration-none text-strikethrough-none\">3- En esta \u00faltima modalidad, la sesi\u00f3n se divide en 2, donde la primera parte se realiza de manera activa por los participantes, con ejercicios de respiraci\u00f3n, entonaci\u00f3n de vocales, mantras y otras herramientas m\u00fasico-terapeuticas, y con una segunda parte de manera pasiva, donde los asistentes pueden lograr estados de relajaci\u00f3n profunda.<\/span><\/p>\n<p class=\"cvGsUA direction-ltr align-justify para-style-body\"><span class=\"a_GcMg font-feature-liga-off font-feature-clig-off font-feature-calt-off text-decoration-none text-strikethrough-none\">De las 3 opciones, la tercera es la mas completa y la que se utiliza sobre todo cuando no hay experiencias previas por los asistentes. Todas estas modalidades siempre terminan con una instancia para compartir la experiencia y dudas que puedan surgir.<\/span><\/p>\n<div>\n<div>\n<p>Para que una sesi\u00f3n se desarrolle de manera \u00f3ptima, y se logren los objetivos esperados, su duraci\u00f3n debiese ser de alrededor de 60 a 90 minutos, dividido en 45 minutos de \u201cexperiencia sonora\u201d, y un espacio de conversaci\u00f3n posterior que puede durar desde los 15 minutos o un poco m\u00e1s, que tiene por finalidad reincorporar a los asistentes, y compartir la experiencia vivida.<\/p>\n<\/div>\n<p>&nbsp;<\/p>\n<\/div>\n","protected":false},"excerpt":{"rendered":"<p>Este taller presencial est\u00e1 enfocado en el aspecto f\u00edsico, emocional, mental y espiritual de los asistentes, facilitando espacios de bienestar, autoconocimiento y relajaci\u00f3n a trav\u00e9s de los sonidos y vibraciones de los instrumentos sonoros terapeuticos, como son los cuencos tibetanos, los cuencos de cuarzo, tambores, camapanas y la voz. La Terapia de Sonidos o Sonoterapia [&#8230;]\n","protected":false},"featured_media":4142,"comment_status":"open","ping_status":"closed","template":"","meta":[],"product_brand":[],"product_cat":[166,161],"product_tag":[],"class_list":{"0":"post-3837","1":"product","2":"type-product","3":"status-publish","4":"has-post-thumbnail","6":"product_cat-sonoterapia-grupal","7":"product_cat-terapias","9":"first","10":"instock","11":"taxable","12":"shipping-taxable","13":"purchasable","14":"product-type-variable"},"aioseo_notices":[],"_links":{"self":[{"href":"https:\/\/mundomarron.cl\/inicio\/wp-json\/wp\/v2\/product\/3837","targetHints":{"allow":["GET"]}}],"collection":[{"href":"https:\/\/mundomarron.cl\/inicio\/wp-json\/wp\/v2\/product"}],"about":[{"href":"https:\/\/mundomarron.cl\/inicio\/wp-json\/wp\/v2\/types\/product"}],"replies":[{"embeddable":true,"href":"https:\/\/mundomarron.cl\/inicio\/wp-json\/wp\/v2\/comments?post=3837"}],"wp:featuredmedia":[{"embeddable":true,"href":"https:\/\/mundomarron.cl\/inicio\/wp-json\/wp\/v2\/media\/4142"}],"wp:attachment":[{"href":"https:\/\/mundomarron.cl\/inicio\/wp-json\/wp\/v2\/media?parent=3837"}],"wp:term":[{"taxonomy":"product_brand","embeddable":true,"href":"https:\/\/mundomarron.cl\/inicio\/wp-json\/wp\/v2\/product_brand?post=3837"},{"taxonomy":"product_cat","embeddable":true,"href":"https:\/\/mundomarron.cl\/inicio\/wp-json\/wp\/v2\/product_cat?post=3837"},{"taxonomy":"product_tag","embeddable":true,"href":"https:\/\/mundomarron.cl\/inicio\/wp-json\/wp\/v2\/product_tag?post=3837"}],"curies":[{"name":"wp","href":"https:\/\/api.w.org\/{rel}","templated":true}]}}