{"id":5287,"date":"2024-08-15T04:33:14","date_gmt":"2024-08-15T04:33:14","guid":{"rendered":"https:\/\/mundomarron.cl\/?post_type=product&#038;p=5287"},"modified":"2025-09-25T01:28:57","modified_gmt":"2025-09-25T01:28:57","slug":"incienso-dhoop-palo-santo","status":"publish","type":"product","link":"https:\/\/mundomarron.cl\/?product=incienso-dhoop-palo-santo","title":{"rendered":"Incienso Artesanal DULCE ARMONIA"},"content":{"rendered":"<p>Incienso Artesanal de Lavanda, Rosas y Canela perfumado y limpio, ideal para tus rezos, rituales, sesiones de yoga, sesiones de reiki, entre otros.<\/p>\n<p>Aroma agradable<\/p>\n<p>Fragancia de larga duraci\u00f3n<br \/>\nNo t\u00f3xico<br \/>\nLibre de Carb\u00f3n<\/p>\n","protected":false},"excerpt":{"rendered":"<p>Incienso Artesanal de Lavanda, Rosas y Canela perfumado y limpio, ideal para tus rezos, rituales, sesiones de yoga, sesiones de reiki, entre otros. Aroma agradable Fragancia de larga duraci\u00f3n No t\u00f3xico Libre de Carb\u00f3n<\/p>\n","protected":false},"featured_media":5936,"comment_status":"open","ping_status":"closed","template":"","meta":[],"product_brand":[],"product_cat":[30,29,26],"product_tag":[194],"class_list":{"0":"post-5287","1":"product","2":"type-product","3":"status-publish","4":"has-post-thumbnail","6":"product_cat-inciensos","7":"product_cat-palosanto","8":"product_cat-rituales","9":"product_tag-rituales","11":"first","12":"instock","13":"taxable","14":"shipping-taxable","15":"purchasable","16":"product-type-simple"},"_links":{"self":[{"href":"https:\/\/mundomarron.cl\/index.php?rest_route=\/wp\/v2\/product\/5287","targetHints":{"allow":["GET"]}}],"collection":[{"href":"https:\/\/mundomarron.cl\/index.php?rest_route=\/wp\/v2\/product"}],"about":[{"href":"https:\/\/mundomarron.cl\/index.php?rest_route=\/wp\/v2\/types\/product"}],"replies":[{"embeddable":true,"href":"https:\/\/mundomarron.cl\/index.php?rest_route=%2Fwp%2Fv2%2Fcomments&post=5287"}],"wp:featuredmedia":[{"embeddable":true,"href":"https:\/\/mundomarron.cl\/index.php?rest_route=\/wp\/v2\/media\/5936"}],"wp:attachment":[{"href":"https:\/\/mundomarron.cl\/index.php?rest_route=%2Fwp%2Fv2%2Fmedia&parent=5287"}],"wp:term":[{"taxonomy":"product_brand","embeddable":true,"href":"https:\/\/mundomarron.cl\/index.php?rest_route=%2Fwp%2Fv2%2Fproduct_brand&post=5287"},{"taxonomy":"product_cat","embeddable":true,"href":"https:\/\/mundomarron.cl\/index.php?rest_route=%2Fwp%2Fv2%2Fproduct_cat&post=5287"},{"taxonomy":"product_tag","embeddable":true,"href":"https:\/\/mundomarron.cl\/index.php?rest_route=%2Fwp%2Fv2%2Fproduct_tag&post=5287"}],"curies":[{"name":"wp","href":"https:\/\/api.w.org\/{rel}","templated":true}]}}