{"id":5485,"date":"2025-01-06T21:55:34","date_gmt":"2025-01-06T21:55:34","guid":{"rendered":"https:\/\/mundomarron.cl\/?post_type=product&#038;p=5485"},"modified":"2025-01-20T21:05:54","modified_gmt":"2025-01-20T21:05:54","slug":"jade-rojo-6","status":"publish","type":"product","link":"https:\/\/mundomarron.cl\/?product=jade-rojo-6","title":{"rendered":"Jade Rojo"},"content":{"rendered":"<p>El jade rojo es una piedra asociada al 1\u00ba chakra, promueve el arraigo, la fuerza y la seguridad. Suele ser indicada para energizar el cuerpo y aportarle vitalidad. Se considera una piedra de limpieza y equilibrio. A nivel curativo se dice que ayuda a desintoxicar el sistema circulatorio.<\/p>\n<p>Es un talism\u00e1n de poder y voluntad individual, que disipa el miedo, la preocupaci\u00f3n<br \/>\ny la duda que nos frena, y nos impulsa a actuar.<br \/>\nEs una piedra de vitalidad f\u00edsica, fuerza y pasi\u00f3n, estimulando la energ\u00eda de la Fuerza de Vida.    <\/p>\n","protected":false},"excerpt":{"rendered":"<p>Pulseras de Piedras Naturales armadas con elastico de silicona de 1mm, altamente resistente.<\/p>\n","protected":false},"featured_media":5412,"comment_status":"open","ping_status":"closed","template":"","meta":[],"product_brand":[],"product_cat":[212,198,195],"product_tag":[210,201,202],"class_list":{"0":"post-5485","1":"product","2":"type-product","3":"status-publish","4":"has-post-thumbnail","6":"product_cat-elastico","7":"product_cat-proteccion","8":"product_cat-pulseras","9":"product_tag-elasticada","10":"product_tag-jade-rojo","11":"product_tag-proteccion","13":"first","14":"instock","15":"taxable","16":"shipping-taxable","17":"purchasable","18":"product-type-simple"},"_links":{"self":[{"href":"https:\/\/mundomarron.cl\/index.php?rest_route=\/wp\/v2\/product\/5485","targetHints":{"allow":["GET"]}}],"collection":[{"href":"https:\/\/mundomarron.cl\/index.php?rest_route=\/wp\/v2\/product"}],"about":[{"href":"https:\/\/mundomarron.cl\/index.php?rest_route=\/wp\/v2\/types\/product"}],"replies":[{"embeddable":true,"href":"https:\/\/mundomarron.cl\/index.php?rest_route=%2Fwp%2Fv2%2Fcomments&post=5485"}],"wp:featuredmedia":[{"embeddable":true,"href":"https:\/\/mundomarron.cl\/index.php?rest_route=\/wp\/v2\/media\/5412"}],"wp:attachment":[{"href":"https:\/\/mundomarron.cl\/index.php?rest_route=%2Fwp%2Fv2%2Fmedia&parent=5485"}],"wp:term":[{"taxonomy":"product_brand","embeddable":true,"href":"https:\/\/mundomarron.cl\/index.php?rest_route=%2Fwp%2Fv2%2Fproduct_brand&post=5485"},{"taxonomy":"product_cat","embeddable":true,"href":"https:\/\/mundomarron.cl\/index.php?rest_route=%2Fwp%2Fv2%2Fproduct_cat&post=5485"},{"taxonomy":"product_tag","embeddable":true,"href":"https:\/\/mundomarron.cl\/index.php?rest_route=%2Fwp%2Fv2%2Fproduct_tag&post=5485"}],"curies":[{"name":"wp","href":"https:\/\/api.w.org\/{rel}","templated":true}]}}