{"id":5650,"date":"2025-01-25T04:51:07","date_gmt":"2025-01-25T04:51:07","guid":{"rendered":"https:\/\/mundomarron.cl\/?post_type=product&#038;p=5650"},"modified":"2025-01-25T05:18:23","modified_gmt":"2025-01-25T05:18:23","slug":"escorpion-onix-y-amatista","status":"publish","type":"product","link":"https:\/\/mundomarron.cl\/?product=escorpion-onix-y-amatista","title":{"rendered":"Escorpion (onix y amatista)"},"content":{"rendered":"<p>El \u00f3nix u \u00f3nice es una piedra negra conocida como la piedra negra protectora. La turmalina o la shunguit son tambi\u00e9n piedras negras con propiedades parecidas. Se cree que las tres pueden favorecer a la protecci\u00f3n ante las malas energ\u00edas de los lugares o de las personas. Sin embargo, las tres son diferentes y aqu\u00ed te contamos las propiedades concretas y los matices del bonito \u00f3nix.<\/p>\n<p>CARACTER\u00cdSTICAS Y ORIGEN DE LA PIEDRA \u00d3NIX<br \/>\nEl \u00f3nix es una variedad de \u00e1gata y a veces puede ser de color negro homog\u00e9neo, pero muchas otras veces, presenta bandas alternas de colores oscuros que pueden ser rojizas y\/o blancas. <\/p>\n<p>Es una piedra muy brillante y bella que se forma cuando se filtra agua rica en s\u00edlice por las grietas de otras rocas. Estas deposiciones de s\u00edlice deben de encontrarse a baja temperatura y gracias a la maduraci\u00f3n del tiempo, podemos extraer el \u00f3nix. Los lugares donde hay m\u00e1s yacimientos de \u00f3nix son la India, M\u00e9xico, Estados Unidos, Brasil, Rusia y Sud\u00e1frica. <\/p>\n<p>PROPIEDADES<br \/>\nSe cree que las piedras negras son muy protectoras, pero no solamente eso. Son grandes generadoras de energ\u00eda. Por lo tanto, no ser\u00eda el amuleto ideal para gente con hiperactividad o con mucho estr\u00e9s. Tampoco es recomendable tenerla cerca de la cama porque guarda mucha fuerza y vigor en su interior y podr\u00eda dificultar el descanso. <\/p>\n<p>Sin embargo, sus cualidades son altamente positivas cuando se enfocan correctamente. El \u00f3nix tiene un gran poder de limpieza energ\u00e9tica de los lugares, aunque la parte m\u00e1s interesante es que esa energ\u00eda negativa es capaz de transformarla en energ\u00eda positiva. <\/p>\n<p>Es una buena elecci\u00f3n para tener en el lugar de trabajo, especialmente si nos encontramos en un entorno hostil o muy competitivo y te ves afectado negativamente por ello. Adem\u00e1s, facilita el pensamiento, clarifica la comprensi\u00f3n, estimula las ideas objetivas y refuerza el autocontrol, cuatro cualidades principales en lo laboral. <\/p>\n<p>Tambi\u00e9n, favorece a la autoconfianza y la visi\u00f3n positiva de la vida. Es la gema que se recomienda cuando se deben afrontar nuevas responsabilidades y para mantener la calma porque confiere aplomo y firmeza. <\/p>\n<p>A nivel f\u00edsico, se cree que es la gema id\u00f3nea para aliviar el dolor de huesos y dientes. Se dice que podr\u00eda absorber el dolor, si colocas una peque\u00f1a pieza de \u00f3nix encima de la zona afectada. <\/p>\n<p>C\u00d3MO USAR LA PIEDRA \u00d3NIX<\/p>\n<p>Para aprovechar al m\u00e1ximo su belleza y beneficios, podr\u00edas disfrutar del \u00f3nix como abalorio.<br \/>\nSe recomienda llevarlo en el cuello como collar o en la mu\u00f1eca como pulsera. Aunque tambi\u00e9n podr\u00edas disfrutar de sus beneficios llev\u00e1ndola, simplemente, en el bolsillo.<\/p>\n<p>Si deseas usarla como limpiadora energ\u00e9tica de un lugar, podr\u00edas encontrar una pieza grande y bonita para que tambi\u00e9n te decore la habitaci\u00f3n. <\/p>\n<p>C\u00d3MO CUIDAR LA PIEDRA \u00d3NIX<br \/>\nLas piedras negras hay que lavarlas con m\u00e1s asiduidad porque su funci\u00f3n es recoger la energ\u00eda negativa y aunque el \u00f3nix es capaz de transmutarla, es bueno tener en mente que es necesario limpiarla. <\/p>\n<p>Para ello, te recomiendamos ponerla debajo del grifo y mantenerla unos segundos debajo del agua corriente. Aunque para las piedras negras, la limpieza m\u00e1s efectiva es enterrarla debajo de la tierra o en un macetero que puedas tener en tu casa. Tienen que estar enterradas durante toda una noche.  Despu\u00e9s de desenterrarla, puedes sacarle la arena o la suciedad con un pa\u00f1o ligeramente h\u00famedo. <\/p>\n<p>C\u00d3MO RECARGARLO CON UNA MEDITACI\u00d3N<br \/>\nDespu\u00e9s de limpiar tu piedra, puedes recargarla con agradecimiento y buena energ\u00eda para que te siga dando servicio y brindando apoyo emocional. Te explicamos c\u00f3mo hacerlo con una breve meditaci\u00f3n de cinco pasos. Tienes que estar sentado con la espalda erguida y sostener el \u00f3nix entre las manos: <\/p>\n<p>Imagina que t\u00fa tienes las mismas cualidades que tiene el \u00f3nix.<br \/>\nCuando inhalas tomas toda la mala energ\u00eda de tu alrededor y cuando exhalas la transformas en energ\u00eda positiva.<br \/>\nHaces estas respiraciones varias veces.<br \/>\nDespu\u00e9s, llevas toda la energ\u00eda de la exhalaci\u00f3n al \u00f3nix para que se cargue de tus buenas intenciones y aprendizajes.<br \/>\nPara terminar, agrad\u00e9cele su servicio y p\u00f3ntelo como collar, como pulsera o simplemente ll\u00e9valo en el bolsillo.<br \/>\nSiempre que lleves el \u00f3nix contigo observa c\u00f3mo te sientes. Mant\u00e9n la mente muy abierta y curiosa a los cambios que puedas notar en ti. <\/p>\n<p>fuente: https:\/\/www.cuerpomente.com\/nos-inspiran\/onix-piedra-preciosa_12365<\/p>\n","protected":false},"excerpt":{"rendered":"<p>El \u00f3nix es una piedra protectora y generadora de energ\u00eda. Esta preciosa piedra negra tiene, adem\u00e1s, un gran poder de limpieza energ\u00e9tica y es capaz de transformar la energ\u00eda negativa en positiva<\/p>\n","protected":false},"featured_media":5661,"comment_status":"open","ping_status":"closed","template":"","meta":[],"product_brand":[],"product_cat":[212,137],"product_tag":[210,149],"class_list":{"0":"post-5650","1":"product","2":"type-product","3":"status-publish","4":"has-post-thumbnail","6":"product_cat-elastico","7":"product_cat-pulserassignos","8":"product_tag-elasticada","9":"product_tag-onix","11":"first","12":"instock","13":"taxable","14":"shipping-taxable","15":"purchasable","16":"product-type-simple"},"_links":{"self":[{"href":"https:\/\/mundomarron.cl\/index.php?rest_route=\/wp\/v2\/product\/5650","targetHints":{"allow":["GET"]}}],"collection":[{"href":"https:\/\/mundomarron.cl\/index.php?rest_route=\/wp\/v2\/product"}],"about":[{"href":"https:\/\/mundomarron.cl\/index.php?rest_route=\/wp\/v2\/types\/product"}],"replies":[{"embeddable":true,"href":"https:\/\/mundomarron.cl\/index.php?rest_route=%2Fwp%2Fv2%2Fcomments&post=5650"}],"wp:featuredmedia":[{"embeddable":true,"href":"https:\/\/mundomarron.cl\/index.php?rest_route=\/wp\/v2\/media\/5661"}],"wp:attachment":[{"href":"https:\/\/mundomarron.cl\/index.php?rest_route=%2Fwp%2Fv2%2Fmedia&parent=5650"}],"wp:term":[{"taxonomy":"product_brand","embeddable":true,"href":"https:\/\/mundomarron.cl\/index.php?rest_route=%2Fwp%2Fv2%2Fproduct_brand&post=5650"},{"taxonomy":"product_cat","embeddable":true,"href":"https:\/\/mundomarron.cl\/index.php?rest_route=%2Fwp%2Fv2%2Fproduct_cat&post=5650"},{"taxonomy":"product_tag","embeddable":true,"href":"https:\/\/mundomarron.cl\/index.php?rest_route=%2Fwp%2Fv2%2Fproduct_tag&post=5650"}],"curies":[{"name":"wp","href":"https:\/\/api.w.org\/{rel}","templated":true}]}}