{"id":6561,"date":"2026-03-16T03:29:32","date_gmt":"2026-03-16T03:29:32","guid":{"rendered":"https:\/\/mundomarron.cl\/?post_type=product&#038;p=6561"},"modified":"2026-03-16T03:34:45","modified_gmt":"2026-03-16T03:34:45","slug":"orgon-colgante-8","status":"publish","type":"product","link":"https:\/\/mundomarron.cl\/?product=orgon-colgante-8","title":{"rendered":"Orgon colgante"},"content":{"rendered":"<p> El org\u00f3n es una estructura o dispositivo creado en base a varios materiales, sus componentes son: resina, cuarzo, cobre y otros metales. La mezcla de estos ingredientes hace que trabajen juntos y generen energ\u00eda Org\u00f3nica atrae, transmuta, limpia y ordena la energ\u00eda que est\u00e1 en la atm\u00f3sfera de nuestro planeta, por lo cual todo lo negativo o poco saludable es armonizado pasando a un estado de equilibrio. El org\u00f3n fue acu\u00f1ado en la d\u00e9cada de 1930 por Wilhelm Reich, quien hizo el descubrimiento cient\u00edfico de esta energ\u00eda que en el mundo es conocida con muchos nombres: prana, chi, energ\u00eda reiki, et\u00e9rica, magn\u00e9tica, astral, fuerza vital, etc. El org\u00f3n es \u00fatil para muchas aplicaciones, especialmente para las terapias complementarias tan usadas hoy en d\u00eda, pero tambi\u00e9n permite cambiar la negativa energ\u00eda de los aparatos electromagn\u00e9ticos que tanto da\u00f1an la salud, especialmente de los m\u00e1s peque\u00f1os. Es por eso que muchos padres conocedores del org\u00f3n la utilizan para protegerlos y en procesos de sanaci\u00f3n. Beneficios de los orgones: Aumenta los niveles de energ\u00eda corporal Permite un sue\u00f1o reparador, ayudando en casos de insomnio Ayuda a mantener altos los niveles de melatonina (contra el envejecimiento) Restaura el equilibrio energ\u00e9tico Colabora en el metabolismo Mejora la circulaci\u00f3n sangu\u00ednea Ayuda en dolencias musculares Transforma la energ\u00eda et\u00e9rica del hogar en energ\u00eda saludable Permite a las plantas crecer mejor y m\u00e1s sanas al repeler insectos Todos los beneficios antes mencionados han sido comprobados desde la \u00e9poca de Reich siendo s\u00f3lo una peque\u00f1a muestra de sus atributos. No obstante, su principal y m\u00e1s potente ayuda es ser un gran \u201cprotector\u201d contra la energ\u00eda negativa de aparatos electr\u00f3nicos que abundan en la actualidad. Ya que captura su energ\u00eda y eleva la vibraci\u00f3n, cambi\u00e1ndola a niveles saludables para los seres vivos Son creados con mucho amor e intenci\u00f3n sanadora, para que a la persona que llegue sea para su mayor bien<\/p>\n","protected":false},"excerpt":{"rendered":"<p>El org\u00f3n es una estructura o dispositivo creado en base a varios materiales, sus componentes son: resina, cuarzo, cobre y otros metales. La mezcla de estos ingredientes hace que trabajen juntos y generen energ\u00eda Org\u00f3nica atrae, transmuta, limpia y ordena la energ\u00eda que est\u00e1 en la atm\u00f3sfera de nuestro planeta, por lo cual todo lo [&#8230;]\n","protected":false},"featured_media":6476,"comment_status":"open","ping_status":"closed","template":"","meta":[],"product_brand":[],"product_cat":[43,33,32],"product_tag":[],"class_list":{"0":"post-6561","1":"product","2":"type-product","3":"status-publish","4":"has-post-thumbnail","6":"product_cat-accesorios","7":"product_cat-colgantes","8":"product_cat-orgones","10":"first","11":"instock","12":"taxable","13":"shipping-taxable","14":"purchasable","15":"product-type-simple"},"_links":{"self":[{"href":"https:\/\/mundomarron.cl\/index.php?rest_route=\/wp\/v2\/product\/6561","targetHints":{"allow":["GET"]}}],"collection":[{"href":"https:\/\/mundomarron.cl\/index.php?rest_route=\/wp\/v2\/product"}],"about":[{"href":"https:\/\/mundomarron.cl\/index.php?rest_route=\/wp\/v2\/types\/product"}],"replies":[{"embeddable":true,"href":"https:\/\/mundomarron.cl\/index.php?rest_route=%2Fwp%2Fv2%2Fcomments&post=6561"}],"wp:featuredmedia":[{"embeddable":true,"href":"https:\/\/mundomarron.cl\/index.php?rest_route=\/wp\/v2\/media\/6476"}],"wp:attachment":[{"href":"https:\/\/mundomarron.cl\/index.php?rest_route=%2Fwp%2Fv2%2Fmedia&parent=6561"}],"wp:term":[{"taxonomy":"product_brand","embeddable":true,"href":"https:\/\/mundomarron.cl\/index.php?rest_route=%2Fwp%2Fv2%2Fproduct_brand&post=6561"},{"taxonomy":"product_cat","embeddable":true,"href":"https:\/\/mundomarron.cl\/index.php?rest_route=%2Fwp%2Fv2%2Fproduct_cat&post=6561"},{"taxonomy":"product_tag","embeddable":true,"href":"https:\/\/mundomarron.cl\/index.php?rest_route=%2Fwp%2Fv2%2Fproduct_tag&post=6561"}],"curies":[{"name":"wp","href":"https:\/\/api.w.org\/{rel}","templated":true}]}}