{"id":3,"date":"2021-01-28T04:53:46","date_gmt":"2021-01-28T04:53:46","guid":{"rendered":"https:\/\/mundomarron.cl\/?page_id=3"},"modified":"2023-01-07T02:49:17","modified_gmt":"2023-01-07T02:49:17","slug":"privacy-policy","status":"publish","type":"page","link":"https:\/\/mundomarron.cl\/inicio\/privacy-policy\/","title":{"rendered":"Politica de Privacidad"},"content":{"rendered":"<h4>Si compras en mundomarron.cl puedes estar seguro que la transmisi\u00f3n de datos personales es absolutamente segura, toda la informaci\u00f3n personal que ingreses se manejar\u00e1 de manera confidencial.<\/h4>\n<h4>La informaci\u00f3n transmitida hacia mundomarron.cl es cifrada a trav\u00e9s del sistema SSL (Secure Socket Layer), que actualmente es el est\u00e1ndar usado por las compa\u00f1\u00edas m\u00e1s importantes del mundo para realizar transacciones electr\u00f3nicas seguras, esto quiere decir que toda tu informaci\u00f3n personal, como nombre, e-mail, direcci\u00f3n, y n\u00famero de tarjeta de cr\u00e9dito, no podr\u00e1 ser vista por terceros en el momento que viaja por la red.<\/h4>\n<h4>Mundomarron.cl no har\u00e1 mal uso ni traspasar\u00e1 a empresas que no pertenezcan nuestra empresa, tus datos personales registrados en este sitio y te asegura que \u00e9stos ser\u00e1n manejados en forma absolutamente confidencial y conforme lo dispone la legislaci\u00f3n vigente.<\/h4>\n<h4>\u00a0<\/h4>\n","protected":false},"excerpt":{"rendered":"<p>Si compras en mundomarron.cl puedes estar seguro que la transmisi\u00f3n de datos personales es absolutamente segura, toda la informaci\u00f3n personal que ingreses se manejar\u00e1 de manera confidencial. La informaci\u00f3n transmitida hacia mundomarron.cl es cifrada a trav\u00e9s del sistema SSL (Secure Socket Layer), que actualmente es el est\u00e1ndar usado por las compa\u00f1\u00edas m\u00e1s importantes del mundo [&#8230;]\n","protected":false},"author":1,"featured_media":0,"parent":0,"menu_order":0,"comment_status":"closed","ping_status":"closed","template":"","meta":{"footnotes":""},"class_list":["post-3","page","type-page","status-publish","hentry"],"aioseo_notices":[],"_links":{"self":[{"href":"https:\/\/mundomarron.cl\/inicio\/wp-json\/wp\/v2\/pages\/3","targetHints":{"allow":["GET"]}}],"collection":[{"href":"https:\/\/mundomarron.cl\/inicio\/wp-json\/wp\/v2\/pages"}],"about":[{"href":"https:\/\/mundomarron.cl\/inicio\/wp-json\/wp\/v2\/types\/page"}],"author":[{"embeddable":true,"href":"https:\/\/mundomarron.cl\/inicio\/wp-json\/wp\/v2\/users\/1"}],"replies":[{"embeddable":true,"href":"https:\/\/mundomarron.cl\/inicio\/wp-json\/wp\/v2\/comments?post=3"}],"version-history":[{"count":4,"href":"https:\/\/mundomarron.cl\/inicio\/wp-json\/wp\/v2\/pages\/3\/revisions"}],"predecessor-version":[{"id":3526,"href":"https:\/\/mundomarron.cl\/inicio\/wp-json\/wp\/v2\/pages\/3\/revisions\/3526"}],"wp:attachment":[{"href":"https:\/\/mundomarron.cl\/inicio\/wp-json\/wp\/v2\/media?parent=3"}],"curies":[{"name":"wp","href":"https:\/\/api.w.org\/{rel}","templated":true}]}}