{"id":4158,"date":"2024-06-19T03:17:46","date_gmt":"2024-06-19T03:17:46","guid":{"rendered":"https:\/\/mundomarron.cl\/?post_type=product&#038;p=4158"},"modified":"2025-03-02T18:42:50","modified_gmt":"2025-03-02T18:42:50","slug":"telar-decorativo","status":"publish","type":"product","link":"https:\/\/mundomarron.cl\/inicio\/producto\/telar-decorativo\/","title":{"rendered":"Telar Decorativo"},"content":{"rendered":"<p><span style=\"font-weight: 400;\">\u00bfAlguna vez has hecho un tejido en telar? Esta es una hermosa forma de crear y decorar tus espacios. Con este taller aprender\u00e1s esta entretenida t\u00e9cnica, realizando un tejido sobre un telar con distintos tipos y dise\u00f1os de lana.<\/span><\/p>\n<p><span style=\"font-weight: 400;\">No necesitas tener conocimientos previos ni saber tejer. Aqui te ense\u00f1aremos todas las t\u00e9cnicas para que puedas realizar tu propia obra.<\/span><\/p>\n<p>&nbsp;<\/p>\n<p style=\"text-align: center;\"><strong><span style=\"font-size: 120%;\">\u00bfQue aprenderemos?<\/span><\/strong><\/p>\n<p><span style=\"font-weight: 400;\">En este taller aprender\u00e1s a conocer los materiales necesarios para trabajar en telar y crear una hermosa pieza decorativa, y aprenderemos a pasarlo bien mientras hacemos arte!<\/span><\/p>\n<p style=\"text-align: center;\"><strong><span style=\"font-size: 120%;\">\u00bfQue necesito?<\/span><\/strong><\/p>\n<p><span style=\"font-weight: 400;\">Puedes traer tus propios materiales si es que los tienes, o puedes adquirir el kit que tenemos a disposicion<\/span><\/p>\n<p style=\"text-align: center;\"><strong><span style=\"font-size: 120%;\">\u00bfCu\u00e1nto dura?<\/span><\/strong><\/p>\n<p><span style=\"font-weight: 400;\">La clase tiene una duracion de aproximadamente 3 horas (o pueden ser dos clases de 1 hora y media cada una)<\/span><\/p>\n<p>&nbsp;<\/p>\n","protected":false},"excerpt":{"rendered":"<p>\u00bfAlguna vez has hecho un tejido en telar? Esta es una hermosa forma de crear y decorar tus espacios. Con este taller aprender\u00e1s esta entretenida t\u00e9cnica, realizando un tejido sobre un telar con distintos tipos y dise\u00f1os de lana. No necesitas tener conocimientos previos ni saber tejer. Aqui te ense\u00f1aremos todas las t\u00e9cnicas para que [&#8230;]\n","protected":false},"featured_media":4333,"comment_status":"open","ping_status":"closed","template":"","meta":[],"product_brand":[],"product_cat":[184],"product_tag":[185],"class_list":{"0":"post-4158","1":"product","2":"type-product","3":"status-publish","4":"has-post-thumbnail","6":"product_cat-talleres","7":"product_tag-talleres","9":"first","10":"instock","11":"taxable","12":"shipping-taxable","13":"purchasable","14":"product-type-variable"},"aioseo_notices":[],"_links":{"self":[{"href":"https:\/\/mundomarron.cl\/inicio\/wp-json\/wp\/v2\/product\/4158","targetHints":{"allow":["GET"]}}],"collection":[{"href":"https:\/\/mundomarron.cl\/inicio\/wp-json\/wp\/v2\/product"}],"about":[{"href":"https:\/\/mundomarron.cl\/inicio\/wp-json\/wp\/v2\/types\/product"}],"replies":[{"embeddable":true,"href":"https:\/\/mundomarron.cl\/inicio\/wp-json\/wp\/v2\/comments?post=4158"}],"wp:featuredmedia":[{"embeddable":true,"href":"https:\/\/mundomarron.cl\/inicio\/wp-json\/wp\/v2\/media\/4333"}],"wp:attachment":[{"href":"https:\/\/mundomarron.cl\/inicio\/wp-json\/wp\/v2\/media?parent=4158"}],"wp:term":[{"taxonomy":"product_brand","embeddable":true,"href":"https:\/\/mundomarron.cl\/inicio\/wp-json\/wp\/v2\/product_brand?post=4158"},{"taxonomy":"product_cat","embeddable":true,"href":"https:\/\/mundomarron.cl\/inicio\/wp-json\/wp\/v2\/product_cat?post=4158"},{"taxonomy":"product_tag","embeddable":true,"href":"https:\/\/mundomarron.cl\/inicio\/wp-json\/wp\/v2\/product_tag?post=4158"}],"curies":[{"name":"wp","href":"https:\/\/api.w.org\/{rel}","templated":true}]}}