{"id":4163,"date":"2024-06-19T03:53:16","date_gmt":"2024-06-19T03:53:16","guid":{"rendered":"https:\/\/mundomarron.cl\/?post_type=product&#038;p=4163"},"modified":"2024-10-30T15:28:55","modified_gmt":"2024-10-30T15:28:55","slug":"decoupage","status":"publish","type":"product","link":"https:\/\/mundomarron.cl\/inicio\/producto\/decoupage\/","title":{"rendered":"Decoupage"},"content":{"rendered":"<p class=\"cvGsUA direction-ltr align-center para-style-body\"><span class=\"OYPEnA text-decoration-none text-strikethrough-none\">A trav\u00e9s de esta hermosa t\u00e9cnica podr\u00e1s echar a volar tu imaginaci\u00f3n, aplic\u00e1ndola sobre distintos soportes como madera, material reciclado, telas, prendas o incluso zapatillas.<\/span><\/p>\n<p class=\"cvGsUA direction-ltr align-center para-style-body\"><span class=\"OYPEnA text-decoration-none text-strikethrough-none\">Aprendiendo la t\u00e9cnica el Decoupage dale vida a distintos objetos o telas creando un estilo \u00fanico y original.<\/span><\/p>\n<p style=\"text-align: center;\"><strong><span style=\"font-size: 120%;\">\u00bfQue aprenderemos?<\/span><\/strong><\/p>\n<p><span style=\"font-weight: 400;\">En este taller aprender\u00e1s a conocer los materiales necesarios para trabajar con Decoupage y crear una hermosa obra en el soporte que tu elijas y aprenderemos a pasarlo bien mientras hacemos arte!<\/span><\/p>\n<p style=\"text-align: center;\"><strong><span style=\"font-size: 120%;\">\u00bfQue necesito?<\/span><\/strong><\/p>\n<p><span style=\"font-weight: 400;\">Puedes traer tus propios materiales si es que los tienes, o puedes ocupar los que tenemos disponibles para la clase<\/span><\/p>\n<p style=\"text-align: center;\"><strong><span style=\"font-size: 120%;\">\u00bfCu\u00e1nto dura?<\/span><\/strong><\/p>\n<p><span style=\"font-weight: 400;\">La clase tiene una duracion de aproximadamente 1 hora y media y 2 horas\u00a0<\/span><\/p>\n","protected":false},"excerpt":{"rendered":"<p>A trav\u00e9s de esta hermosa t\u00e9cnica podr\u00e1s echar a volar tu imaginaci\u00f3n, aplic\u00e1ndola sobre distintos soportes como madera, material reciclado, telas, prendas o incluso zapatillas. Aprendiendo la t\u00e9cnica el Decoupage dale vida a distintos objetos o telas creando un estilo \u00fanico y original. \u00bfQue aprenderemos? En este taller aprender\u00e1s a conocer los materiales necesarios para [&#8230;]\n","protected":false},"featured_media":4337,"comment_status":"open","ping_status":"closed","template":"","meta":[],"product_brand":[],"product_cat":[184],"product_tag":[185],"class_list":{"0":"post-4163","1":"product","2":"type-product","3":"status-publish","4":"has-post-thumbnail","6":"product_cat-talleres","7":"product_tag-talleres","9":"first","10":"instock","11":"taxable","12":"shipping-taxable","13":"purchasable","14":"product-type-variable"},"aioseo_notices":[],"_links":{"self":[{"href":"https:\/\/mundomarron.cl\/inicio\/wp-json\/wp\/v2\/product\/4163","targetHints":{"allow":["GET"]}}],"collection":[{"href":"https:\/\/mundomarron.cl\/inicio\/wp-json\/wp\/v2\/product"}],"about":[{"href":"https:\/\/mundomarron.cl\/inicio\/wp-json\/wp\/v2\/types\/product"}],"replies":[{"embeddable":true,"href":"https:\/\/mundomarron.cl\/inicio\/wp-json\/wp\/v2\/comments?post=4163"}],"wp:featuredmedia":[{"embeddable":true,"href":"https:\/\/mundomarron.cl\/inicio\/wp-json\/wp\/v2\/media\/4337"}],"wp:attachment":[{"href":"https:\/\/mundomarron.cl\/inicio\/wp-json\/wp\/v2\/media?parent=4163"}],"wp:term":[{"taxonomy":"product_brand","embeddable":true,"href":"https:\/\/mundomarron.cl\/inicio\/wp-json\/wp\/v2\/product_brand?post=4163"},{"taxonomy":"product_cat","embeddable":true,"href":"https:\/\/mundomarron.cl\/inicio\/wp-json\/wp\/v2\/product_cat?post=4163"},{"taxonomy":"product_tag","embeddable":true,"href":"https:\/\/mundomarron.cl\/inicio\/wp-json\/wp\/v2\/product_tag?post=4163"}],"curies":[{"name":"wp","href":"https:\/\/api.w.org\/{rel}","templated":true}]}}