{"id":4233,"date":"2024-06-22T19:35:22","date_gmt":"2024-06-22T19:35:22","guid":{"rendered":"https:\/\/mundomarron.cl\/?post_type=product&#038;p=4233"},"modified":"2024-06-27T02:16:41","modified_gmt":"2024-06-27T02:16:41","slug":"escultura-en-vellon-muneca","status":"publish","type":"product","link":"https:\/\/mundomarron.cl\/inicio\/producto\/escultura-en-vellon-muneca\/","title":{"rendered":"Escultura en Vellon MU\u00d1ECA"},"content":{"rendered":"<p><span style=\"font-weight: 400;\">Te invitamos a participar en nuestro taller de Escultura en Vell\u00f3n, donde aprender\u00e1s esta entretenida t\u00e9cnica, realizando una mu\u00f1eca hecha totalmente en vell\u00f3n.<\/span><\/p>\n<p><span style=\"font-weight: 400;\">Si bien no es requisito indispensable contar con conocimientos previos, es mucho mejor si cuentas con una experiencia previa para optimizar los tiempos. En cualquier caso, aqui te ense\u00f1aremos todas las t\u00e9cnicas para que puedas realizar tu propia hadita<\/span><\/p>\n<p>&nbsp;<\/p>\n<p style=\"text-align: center;\"><strong><span style=\"font-size: 120%;\">\u00bfQue aprenderemos?<\/span><\/strong><\/p>\n<p><span style=\"font-weight: 400;\">En este taller aprender\u00e1s a conocer los materiales necesarios para trabajar en vell\u00f3n y crear una hermosa mu\u00f1eca, y aprenderemos a pasarlo bien mientras hacemos arte!<\/span><\/p>\n<p style=\"text-align: center;\"><strong><span style=\"font-size: 120%;\">\u00bfQue necesito?<\/span><\/strong><\/p>\n<p><span style=\"font-weight: 400;\">Puedes traer tus propios materiales si es que los tienes, o puedes ocupar los que tenemos disponibles para la clase<\/span><\/p>\n<p style=\"text-align: center;\"><strong><span style=\"font-size: 120%;\">\u00bfCu\u00e1nto dura?<\/span><\/strong><\/p>\n<p><span style=\"font-weight: 400;\">La clase tiene una duracion de aproximadamente 3 horas (o pueden ser dos clases de 1 hora y media cada una)<\/span><\/p>\n<p>&nbsp;<\/p>\n","protected":false},"excerpt":{"rendered":"<p>Te invitamos a participar en nuestro taller de Escultura en Vell\u00f3n, donde aprender\u00e1s esta entretenida t\u00e9cnica, realizando una mu\u00f1eca hecha totalmente en vell\u00f3n. Si bien no es requisito indispensable contar con conocimientos previos, es mucho mejor si cuentas con una experiencia previa para optimizar los tiempos. En cualquier caso, aqui te ense\u00f1aremos todas las t\u00e9cnicas [&#8230;]\n","protected":false},"featured_media":4322,"comment_status":"open","ping_status":"closed","template":"","meta":[],"product_brand":[],"product_cat":[184],"product_tag":[185],"class_list":{"0":"post-4233","1":"product","2":"type-product","3":"status-publish","4":"has-post-thumbnail","6":"product_cat-talleres","7":"product_tag-talleres","9":"first","10":"instock","11":"taxable","12":"shipping-taxable","13":"purchasable","14":"product-type-variable"},"aioseo_notices":[],"_links":{"self":[{"href":"https:\/\/mundomarron.cl\/inicio\/wp-json\/wp\/v2\/product\/4233","targetHints":{"allow":["GET"]}}],"collection":[{"href":"https:\/\/mundomarron.cl\/inicio\/wp-json\/wp\/v2\/product"}],"about":[{"href":"https:\/\/mundomarron.cl\/inicio\/wp-json\/wp\/v2\/types\/product"}],"replies":[{"embeddable":true,"href":"https:\/\/mundomarron.cl\/inicio\/wp-json\/wp\/v2\/comments?post=4233"}],"wp:featuredmedia":[{"embeddable":true,"href":"https:\/\/mundomarron.cl\/inicio\/wp-json\/wp\/v2\/media\/4322"}],"wp:attachment":[{"href":"https:\/\/mundomarron.cl\/inicio\/wp-json\/wp\/v2\/media?parent=4233"}],"wp:term":[{"taxonomy":"product_brand","embeddable":true,"href":"https:\/\/mundomarron.cl\/inicio\/wp-json\/wp\/v2\/product_brand?post=4233"},{"taxonomy":"product_cat","embeddable":true,"href":"https:\/\/mundomarron.cl\/inicio\/wp-json\/wp\/v2\/product_cat?post=4233"},{"taxonomy":"product_tag","embeddable":true,"href":"https:\/\/mundomarron.cl\/inicio\/wp-json\/wp\/v2\/product_tag?post=4233"}],"curies":[{"name":"wp","href":"https:\/\/api.w.org\/{rel}","templated":true}]}}