{"id":5285,"date":"2024-08-15T04:33:18","date_gmt":"2024-08-15T04:33:18","guid":{"rendered":"https:\/\/mundomarron.cl\/?post_type=product&#038;p=5285"},"modified":"2025-09-25T01:30:42","modified_gmt":"2025-09-25T01:30:42","slug":"incienso-palo-santo-2","status":"publish","type":"product","link":"https:\/\/mundomarron.cl\/inicio\/producto\/incienso-palo-santo-2\/","title":{"rendered":"Incienso Palo Santo"},"content":{"rendered":"<p>Palo santo prensado en formato de incienso artesanal para disfrutar beneficios de esta sagrada madera en formato facil. Cada varilla est\u00e1 hecho a mano con atenci\u00f3n a los detalles. Esta madera se encuentra en Sudam\u00e9rica y esta conocida por su aroma dulce y por sus propiedades purificadoras y relajantes. Disfruta la aroma c\u00e1lido y reconfortante del Palo Santo en formato de incienso perfecto para hacer yoga, meditar, o para generar un ambiente tranquilo . Limpia la mala energ\u00eda , atrae buena suerte y proporciona una protecci\u00f3n especial.<\/p>\n","protected":false},"excerpt":{"rendered":"<p>Palo santo prensado en formato de incienso artesanal para disfrutar beneficios de esta sagrada madera en formato facil. Cada varilla est\u00e1 hecho a mano con atenci\u00f3n a los detalles. Esta madera se encuentra en Sudam\u00e9rica y esta conocida por su aroma dulce y por sus propiedades purificadoras y relajantes. Disfruta la aroma c\u00e1lido y reconfortante [&#8230;]\n","protected":false},"featured_media":5272,"comment_status":"open","ping_status":"closed","template":"","meta":[],"product_brand":[],"product_cat":[30,29,26],"product_tag":[194],"class_list":{"0":"post-5285","1":"product","2":"type-product","3":"status-publish","4":"has-post-thumbnail","6":"product_cat-inciensos","7":"product_cat-palosanto","8":"product_cat-rituales","9":"product_tag-rituales","11":"first","12":"instock","13":"taxable","14":"shipping-taxable","15":"purchasable","16":"product-type-simple"},"aioseo_notices":[],"_links":{"self":[{"href":"https:\/\/mundomarron.cl\/inicio\/wp-json\/wp\/v2\/product\/5285","targetHints":{"allow":["GET"]}}],"collection":[{"href":"https:\/\/mundomarron.cl\/inicio\/wp-json\/wp\/v2\/product"}],"about":[{"href":"https:\/\/mundomarron.cl\/inicio\/wp-json\/wp\/v2\/types\/product"}],"replies":[{"embeddable":true,"href":"https:\/\/mundomarron.cl\/inicio\/wp-json\/wp\/v2\/comments?post=5285"}],"wp:featuredmedia":[{"embeddable":true,"href":"https:\/\/mundomarron.cl\/inicio\/wp-json\/wp\/v2\/media\/5272"}],"wp:attachment":[{"href":"https:\/\/mundomarron.cl\/inicio\/wp-json\/wp\/v2\/media?parent=5285"}],"wp:term":[{"taxonomy":"product_brand","embeddable":true,"href":"https:\/\/mundomarron.cl\/inicio\/wp-json\/wp\/v2\/product_brand?post=5285"},{"taxonomy":"product_cat","embeddable":true,"href":"https:\/\/mundomarron.cl\/inicio\/wp-json\/wp\/v2\/product_cat?post=5285"},{"taxonomy":"product_tag","embeddable":true,"href":"https:\/\/mundomarron.cl\/inicio\/wp-json\/wp\/v2\/product_tag?post=5285"}],"curies":[{"name":"wp","href":"https:\/\/api.w.org\/{rel}","templated":true}]}}